{"id":743,"date":"2026-02-05T19:34:05","date_gmt":"2026-02-05T19:34:05","guid":{"rendered":"https:\/\/dentarayglobal.com\/anlasmali-klinikler-ve-hastaneler\/"},"modified":"2026-02-06T13:42:06","modified_gmt":"2026-02-06T13:42:06","slug":"anlasmali-klinikler-ve-hastaneler","status":"publish","type":"page","link":"https:\/\/dentarayglobal.com\/tr\/anlasmali-klinikler-ve-hastaneler\/","title":{"rendered":"Anla\u015fmal\u0131 Klinikler ve Hastaneler"},"content":{"rendered":"\t\t<div data-elementor-type=\"wp-page\" data-elementor-id=\"743\" class=\"elementor elementor-743 elementor-546\" data-elementor-post-type=\"page\">\n\t\t\t\t<div class=\"elementor-element elementor-element-c642dc5 e-flex e-con-boxed e-con e-parent\" data-id=\"c642dc5\" data-element_type=\"container\" data-e-type=\"container\">\n\t\t\t\t\t<div class=\"e-con-inner\">\n\t\t<div class=\"elementor-element elementor-element-7879da5d e-con-full e-flex e-con e-child\" data-id=\"7879da5d\" data-element_type=\"container\" data-e-type=\"container\" data-settings=\"{&quot;background_background&quot;:&quot;classic&quot;}\">\n\t\t\t\t<div class=\"elementor-element elementor-element-137d7e5e elementor-widget elementor-widget-image\" data-id=\"137d7e5e\" data-element_type=\"widget\" data-e-type=\"widget\" data-widget_type=\"image.default\">\n\t\t\t\t<div class=\"elementor-widget-container\">\n\t\t\t\t\t\t\t\t\t\t\t\t\t\t\t<img fetchpriority=\"high\" decoding=\"async\" width=\"411\" height=\"125\" src=\"https:\/\/dentarayglobal.com\/wp-content\/uploads\/2025\/06\/1.png\" class=\"attachment-large size-large wp-image-346\" alt=\"\" srcset=\"https:\/\/dentarayglobal.com\/wp-content\/uploads\/2025\/06\/1.png 411w, https:\/\/dentarayglobal.com\/wp-content\/uploads\/2025\/06\/1-300x91.png 300w\" sizes=\"(max-width: 411px) 100vw, 411px\" \/>\t\t\t\t\t\t\t\t\t\t\t\t\t\t\t<\/div>\n\t\t\t\t<\/div>\n\t\t\t\t<div class=\"elementor-element elementor-element-1a1e91fb elementor-widget__width-initial elementor-widget elementor-widget-text-editor\" data-id=\"1a1e91fb\" data-element_type=\"widget\" data-e-type=\"widget\" data-widget_type=\"text-editor.default\">\n\t\t\t\t<div class=\"elementor-widget-container\">\n\t\t\t\t\t\t\t\t\t<p>T\u00fcrkiye&#8217;de Ki\u015fiselle\u015ftirilmi\u015f Sa\u011fl\u0131k Turizmi Planlamas\u0131<\/p>\t\t\t\t\t\t\t\t<\/div>\n\t\t\t\t<\/div>\n\t\t\t\t<div class=\"elementor-element elementor-element-3efbd1e3 elementor-widget elementor-widget-text-editor\" data-id=\"3efbd1e3\" data-element_type=\"widget\" data-e-type=\"widget\" data-widget_type=\"text-editor.default\">\n\t\t\t\t<div class=\"elementor-widget-container\">\n\t\t\t\t\t\t\t\t\t<p>Anla\u015fmal\u0131 Klinikler ve Hastaneler<\/p>\t\t\t\t\t\t\t\t<\/div>\n\t\t\t\t<\/div>\n\t\t<div class=\"elementor-element elementor-element-412832d9 e-flex e-con-boxed e-con e-child\" data-id=\"412832d9\" data-element_type=\"container\" data-e-type=\"container\">\n\t\t\t\t\t<div class=\"e-con-inner\">\n\t\t\t\t<div class=\"elementor-element elementor-element-7eae631 e-transform elementor-hidden-mobile elementor-widget elementor-widget-premium-svg-drawer\" data-id=\"7eae631\" data-element_type=\"widget\" data-e-type=\"widget\" data-settings=\"{&quot;_transform_flipX_effect&quot;:&quot;transform&quot;}\" data-widget_type=\"premium-svg-drawer.default\">\n\t\t\t\t<div class=\"elementor-widget-container\">\n\t\t\t\t\t\r\n\t\t\t<div class=\"premium-svg-draw elementor-invisible\">\r\n\r\n\t\t\t\t\r\n\t\t\t\t\r\n\t\t\t\t\t<?xml version=\"1.0\" encoding=\"UTF-8\"?><svg id=\"Layer_1\" xmlns=\"http:\/\/www.w3.org\/2000\/svg\" width=\"354.27\" height=\"76.6\" viewBox=\"0 0 354.27 76.6\"><defs><style>.cls-1{fill-rule:evenodd;}<\/style><\/defs><path class=\"cls-1\" d=\"m9.75,33.96C9.25,14.61,29.7-.33,53.56,3.63c6.08,1.34,10.75,5.25,12.76,9.77,1.78,4,1.5,8.53-1.86,12.4.51-1.16.79-2.45.79-3.8,0-5.25-4.25-9.5-9.5-9.5s-9.5,4.25-9.5,9.5c0,.58.05,1.15.15,1.7.19,3.75,2.38,6.66,5.48,8.11,3.96,1.85,9.23,1.25,13.39-2.55,5.5-5.04,6.26-11.52,3.79-17.07-2.43-5.47-7.95-9.97-14.89-11.49h-.04s-.04-.01-.04-.01c-9.38-1.57-18.46-.35-26.11,2.94C11.75,9.55,3.7,19.53,1.04,29.42c-3.15,11.76,1.31,23.74,7.02,31v.02s.03.02.03.02c12.16,14.59,54.73,31.25,130.64-9.13,5.43-1.98,10.93-4.03,16.48-6.1h0s0,0,0,0c6.89-2.57,13.86-5.17,20.9-7.71,35.28-12.74,72.4-24.06,109.59-23.02,9.83.28,26.29,2.1,40.24,6.97,6.98,2.44,13.22,5.6,17.7,9.63,4.43,3.99,7.09,8.77,7.1,14.56-.04.47-.09.95-.16,1.42-.1.54-.2,1.08-.31,1.62h.02c-.82,3.73-2.6,7.15-5.23,9.72-3.32,3.24-8.07,5.2-14.24,4.61-.66-.06-1.33-.15-2.02-.27-2.43-.54-4.55-1.92-6.09-3.7,1.46.91,3.18,1.44,5.03,1.44,5.25,0,9.5-4.25,9.5-9.5s-4.25-9.5-9.5-9.5c-2.56,0-4.88,1.01-6.59,2.65-4.17,3.33-4.86,8.21-3.33,12.43,1.55,4.29,5.42,8.04,10.38,9.12.78.17,1.57.28,2.38.32,7,.66,12.62-1.58,16.58-5.46,3.53-3.45,5.68-8.11,6.39-13.01,1.23-6.94,1.28-14.64-3.02-21.74-4.67-7.7-14.23-14.35-31.92-18.77-9.33-2.33-79.72-14.06-177.58,39.64-1.18.64-2.34,1.28-3.5,1.89-21.33,7.78-41.45,14.43-59.99,17.13-13.44,1.96-26.41,1.37-39.58-1.95-7.65-1.93-14.6-5.2-19.68-10.07-5.04-4.83-8.29-11.28-8.51-19.74Z\"\/><\/svg>\r\n\t\t\t\t\r\n\t\t\t\t\r\n\t\t\t<\/div>\r\n\r\n\t\t\t\t\t\t<\/div>\n\t\t\t\t<\/div>\n\t\t\t\t<div class=\"elementor-element elementor-element-7423bc2 premium-modal-dismissible-yes elementor-widget elementor-widget-premium-addon-modal-box\" data-id=\"7423bc2\" data-element_type=\"widget\" data-e-type=\"widget\" data-settings=\"{&quot;premium_modal_box_animation&quot;:&quot;fadeInDown&quot;}\" data-widget_type=\"premium-addon-modal-box.default\">\n\t\t\t\t<div class=\"elementor-widget-container\">\n\t\t\t\t\t\n\t\t<div class=\"premium-modal-box-container\" data-settings=\"{&quot;trigger&quot;:&quot;button&quot;,&quot;show_on_exit&quot;:false}\">\n\t\t\t<div class=\"premium-modal-trigger-container\">\n\t\t\t\t\t\t\t\t\t<button data-toggle=\"premium-modal\" data-target=\"#premium-modal-7423bc2\" type=\"button\" class=\"premium-modal-trigger-btn premium-btn-lg premium-button-none \" data-text=\"Randevu Al\u0131n  \">\n\n\t\t\t\t\t\t\n\t\t\t\t\t\t<div class=\"premium-button-text-icon-wrapper\">\n\t\t\t\t\t\t\t<span>Randevu Al\u0131n  <\/span>\n\t\t\t\t\t\t<\/div>\n\n\t\t\t\t\t\t\n\t\t\t\t\t\t\n\t\t\t\t\t\t\n\t\t\t\t\t<\/button>\n\t\t\t\t\t\t\t<\/div>\n\n\t\t\t<div id=\"premium-modal-7423bc2\" class=\"premium-modal-box-modal\"\n\t\t\trole=\"dialog\"\n\t\t\tstyle=\"display: none\"\n\t\t\t>\n\t\t\t\t<div class=\"premium-modal-box-modal-dialog\" data-delay-animation=\"\" data-modal-animation=\"fadeInDown animated-fast\">\n\t\t\t\t\t\t\t\t\t\t<div class=\"premium-modal-box-modal-body\">\n\t\t\t\t\t\t\n\t\t\t\t\t\t\t\n\t\t\t\t\t\t\t\t\t\t\t<\/div>\n\t\t\t\t\t\t\t\t\t<\/div>\n\t\t\t<\/div>\n\t\t<\/div>\n\t\t\t\t\t\t<\/div>\n\t\t\t\t<\/div>\n\t\t\t\t<div class=\"elementor-element elementor-element-1a197898 premium-lottie-svg elementor-widget elementor-widget-premium-lottie\" data-id=\"1a197898\" data-element_type=\"widget\" data-e-type=\"widget\" data-widget_type=\"premium-lottie.default\">\n\t\t\t\t<div class=\"elementor-widget-container\">\n\t\t\t\t\t\r\n\t\t<div class=\"premium-lottie-animation\" data-lottie-url=\"https:\/\/premiumaddons.com\/wp-content\/uploads\/2023\/08\/EZNBWdfSxT.json\" data-lottie-loop=\"true\" data-lottie-reverse=\"\" data-lottie-hover=\"\" data-lottie-speed=\"1\" data-lottie-render=\"svg\" data-lottie-delay=\"\">\r\n\t\t\t\t\t<\/div>\r\n\r\n\t\t\t\t\t\t<\/div>\n\t\t\t\t<\/div>\n\t\t\t\t<div class=\"elementor-element elementor-element-4322dff3 premium-lq__none elementor-widget elementor-widget-premium-addon-button\" data-id=\"4322dff3\" data-element_type=\"widget\" data-e-type=\"widget\" data-widget_type=\"premium-addon-button.default\">\n\t\t\t\t<div class=\"elementor-widget-container\">\n\t\t\t\t\t\r\n\r\n\t\t<a class=\"premium-button premium-button-none premium-btn-lg premium-button-none\" href=\"\">\r\n\t\t\t<div class=\"premium-button-text-icon-wrapper\">\r\n\t\t\t\t\r\n\t\t\t\t\t\t\t\t\t<span >\r\n\t\t\t\t\t\tHakk\u0131m\u0131zda\t\t\t\t\t<\/span>\r\n\t\t\t\t\t\t\t<\/div>\r\n\r\n\t\t\t\r\n\t\t\t\r\n\t\t\t\r\n\t\t<\/a>\r\n\r\n\r\n\t\t\t\t\t\t<\/div>\n\t\t\t\t<\/div>\n\t\t\t\t<div class=\"elementor-element elementor-element-16e58bd0 elementor-hidden-mobile elementor-widget elementor-widget-premium-svg-drawer\" data-id=\"16e58bd0\" data-element_type=\"widget\" data-e-type=\"widget\" data-widget_type=\"premium-svg-drawer.default\">\n\t\t\t\t<div class=\"elementor-widget-container\">\n\t\t\t\t\t\r\n\t\t\t<div class=\"premium-svg-draw elementor-invisible\">\r\n\r\n\t\t\t\t\r\n\t\t\t\t\r\n\t\t\t\t\t<?xml version=\"1.0\" encoding=\"UTF-8\"?><svg id=\"Layer_1\" xmlns=\"http:\/\/www.w3.org\/2000\/svg\" width=\"354.27\" height=\"76.6\" viewBox=\"0 0 354.27 76.6\"><defs><style>.cls-1{fill-rule:evenodd;}<\/style><\/defs><path class=\"cls-1\" d=\"m9.75,33.96C9.25,14.61,29.7-.33,53.56,3.63c6.08,1.34,10.75,5.25,12.76,9.77,1.78,4,1.5,8.53-1.86,12.4.51-1.16.79-2.45.79-3.8,0-5.25-4.25-9.5-9.5-9.5s-9.5,4.25-9.5,9.5c0,.58.05,1.15.15,1.7.19,3.75,2.38,6.66,5.48,8.11,3.96,1.85,9.23,1.25,13.39-2.55,5.5-5.04,6.26-11.52,3.79-17.07-2.43-5.47-7.95-9.97-14.89-11.49h-.04s-.04-.01-.04-.01c-9.38-1.57-18.46-.35-26.11,2.94C11.75,9.55,3.7,19.53,1.04,29.42c-3.15,11.76,1.31,23.74,7.02,31v.02s.03.02.03.02c12.16,14.59,54.73,31.25,130.64-9.13,5.43-1.98,10.93-4.03,16.48-6.1h0s0,0,0,0c6.89-2.57,13.86-5.17,20.9-7.71,35.28-12.74,72.4-24.06,109.59-23.02,9.83.28,26.29,2.1,40.24,6.97,6.98,2.44,13.22,5.6,17.7,9.63,4.43,3.99,7.09,8.77,7.1,14.56-.04.47-.09.95-.16,1.42-.1.54-.2,1.08-.31,1.62h.02c-.82,3.73-2.6,7.15-5.23,9.72-3.32,3.24-8.07,5.2-14.24,4.61-.66-.06-1.33-.15-2.02-.27-2.43-.54-4.55-1.92-6.09-3.7,1.46.91,3.18,1.44,5.03,1.44,5.25,0,9.5-4.25,9.5-9.5s-4.25-9.5-9.5-9.5c-2.56,0-4.88,1.01-6.59,2.65-4.17,3.33-4.86,8.21-3.33,12.43,1.55,4.29,5.42,8.04,10.38,9.12.78.17,1.57.28,2.38.32,7,.66,12.62-1.58,16.58-5.46,3.53-3.45,5.68-8.11,6.39-13.01,1.23-6.94,1.28-14.64-3.02-21.74-4.67-7.7-14.23-14.35-31.92-18.77-9.33-2.33-79.72-14.06-177.58,39.64-1.18.64-2.34,1.28-3.5,1.89-21.33,7.78-41.45,14.43-59.99,17.13-13.44,1.96-26.41,1.37-39.58-1.95-7.65-1.93-14.6-5.2-19.68-10.07-5.04-4.83-8.29-11.28-8.51-19.74Z\"\/><\/svg>\r\n\t\t\t\t\r\n\t\t\t\t\r\n\t\t\t<\/div>\r\n\r\n\t\t\t\t\t\t<\/div>\n\t\t\t\t<\/div>\n\t\t\t\t\t<\/div>\n\t\t\t\t<\/div>\n\t\t<div class=\"elementor-element elementor-element-606c6e20 e-flex e-con-boxed e-con e-child\" data-id=\"606c6e20\" data-element_type=\"container\" data-e-type=\"container\">\n\t\t\t\t\t<div class=\"e-con-inner\">\n\t\t<div class=\"elementor-element elementor-element-418e209e e-flex e-con-boxed e-con e-child\" data-id=\"418e209e\" data-element_type=\"container\" data-e-type=\"container\">\n\t\t\t\t\t<div class=\"e-con-inner\">\n\t\t\t\t<div class=\"elementor-element elementor-element-550795a7 elementor-widget elementor-widget-image\" data-id=\"550795a7\" data-element_type=\"widget\" data-e-type=\"widget\" data-widget_type=\"image.default\">\n\t\t\t\t<div class=\"elementor-widget-container\">\n\t\t\t\t\t\t\t\t\t\t\t\t\t\t\t<img decoding=\"async\" width=\"683\" height=\"1024\" src=\"https:\/\/dentarayglobal.com\/wp-content\/uploads\/2026\/02\/docdr-rifat-rasier-goz-hekimi-scaled-1-683x1024.jpg\" class=\"attachment-large size-large wp-image-587\" alt=\"\" srcset=\"https:\/\/dentarayglobal.com\/wp-content\/uploads\/2026\/02\/docdr-rifat-rasier-goz-hekimi-scaled-1-683x1024.jpg 683w, https:\/\/dentarayglobal.com\/wp-content\/uploads\/2026\/02\/docdr-rifat-rasier-goz-hekimi-scaled-1-200x300.jpg 200w, https:\/\/dentarayglobal.com\/wp-content\/uploads\/2026\/02\/docdr-rifat-rasier-goz-hekimi-scaled-1-768x1152.jpg 768w, https:\/\/dentarayglobal.com\/wp-content\/uploads\/2026\/02\/docdr-rifat-rasier-goz-hekimi-scaled-1-1024x1536.jpg 1024w, https:\/\/dentarayglobal.com\/wp-content\/uploads\/2026\/02\/docdr-rifat-rasier-goz-hekimi-scaled-1-1366x2048.jpg 1366w, https:\/\/dentarayglobal.com\/wp-content\/uploads\/2026\/02\/docdr-rifat-rasier-goz-hekimi-scaled-1.jpg 1707w\" sizes=\"(max-width: 683px) 100vw, 683px\" \/>\t\t\t\t\t\t\t\t\t\t\t\t\t\t\t<\/div>\n\t\t\t\t<\/div>\n\t\t\t\t<div class=\"elementor-element elementor-element-6eef1f77 elementor-widget elementor-widget-heading\" data-id=\"6eef1f77\" data-element_type=\"widget\" data-e-type=\"widget\" data-widget_type=\"heading.default\">\n\t\t\t\t<div class=\"elementor-widget-container\">\n\t\t\t\t\t<h4 class=\"elementor-heading-title elementor-size-default\"><a href=\"https:\/\/www.rifatrasier.com\/\">Ophthalmologist Prof. Dr. R\u0131fat Rasier<\/a><\/h4>\t\t\t\t<\/div>\n\t\t\t\t<\/div>\n\t\t\t\t\t<\/div>\n\t\t\t\t<\/div>\n\t\t<div class=\"elementor-element elementor-element-2d8d6955 e-flex e-con-boxed e-con e-child\" data-id=\"2d8d6955\" data-element_type=\"container\" data-e-type=\"container\">\n\t\t\t\t\t<div class=\"e-con-inner\">\n\t\t\t\t<div data-tooltip-id=\"bbfefd8\" data-tooltip_settings=\"{&quot;type&quot;:&quot;text&quot;,&quot;content&quot;:&quot;&quot;,&quot;minWidth&quot;:{&quot;desktop&quot;:0,&quot;mobile&quot;:0,&quot;tablet&quot;:0},&quot;maxWidth&quot;:{&quot;desktop&quot;:null,&quot;mobile&quot;:null,&quot;tablet&quot;:null},&quot;zindex&quot;:&quot;&quot;,&quot;target&quot;:&quot;&quot;,&quot;anime&quot;:&quot;fade&quot;,&quot;trigger&quot;:&quot;hover&quot;,&quot;side&quot;:&quot;top,bottom&quot;,&quot;arrow&quot;:true,&quot;distance&quot;:15,&quot;duration&quot;:350,&quot;delay&quot;:10,&quot;hideOn&quot;:[],&quot;elemID&quot;:&quot;bbfefd8&quot;,&quot;follow_mouse&quot;:false}\" class=\"elementor-element elementor-element-bbfefd8 premium-global-tooltips-yes elementor-widget elementor-widget-image\" data-id=\"bbfefd8\" data-element_type=\"widget\" data-e-type=\"widget\" data-widget_type=\"image.default\">\n\t\t\t\t\t\t<div class=\"premium-gtooltips-temp premium-global-tooltips-wrapper-temp-bbfefd8\" style=\"display: none;\">\r\n\t\t\t\t\t<div id=\"tooltip_content-bbfefd8\" class=\"premium-global-tooltip-content premium-tooltip-content-wrapper-bbfefd8\">\r\n\t\t\t\t\t\t\t\t\t\t\t\t\t\t\t<span class=\"premium-tootltip-text\">\r\n\t\t\t\t\t\t\t\t\t\t\t\t\t\t\t\t\t\t<\/span>\r\n\t\t\t\t\t\t\t\t\t\t\t\t\t\t<\/div>\r\n\t\t\t\t<\/div>\r\n\t\t\t\t\t<div class=\"elementor-widget-container\">\n\t\t\t\t\t\t\t\t\t\t\t\t\t\t\t<img decoding=\"async\" width=\"683\" height=\"1024\" src=\"https:\/\/dentarayglobal.com\/wp-content\/uploads\/2026\/02\/Untitled-design-683x1024.jpg\" class=\"attachment-large size-large wp-image-615\" alt=\"\" srcset=\"https:\/\/dentarayglobal.com\/wp-content\/uploads\/2026\/02\/Untitled-design-683x1024.jpg 683w, https:\/\/dentarayglobal.com\/wp-content\/uploads\/2026\/02\/Untitled-design-200x300.jpg 200w, https:\/\/dentarayglobal.com\/wp-content\/uploads\/2026\/02\/Untitled-design-768x1152.jpg 768w, https:\/\/dentarayglobal.com\/wp-content\/uploads\/2026\/02\/Untitled-design-1024x1536.jpg 1024w, https:\/\/dentarayglobal.com\/wp-content\/uploads\/2026\/02\/Untitled-design.jpg 1365w\" sizes=\"(max-width: 683px) 100vw, 683px\" \/>\t\t\t\t\t\t\t\t\t\t\t\t\t\t\t<\/div>\n\t\t\t\t<\/div>\n\t\t\t\t<div class=\"elementor-element elementor-element-1bebc40f elementor-widget elementor-widget-heading\" data-id=\"1bebc40f\" data-element_type=\"widget\" data-e-type=\"widget\" data-widget_type=\"heading.default\">\n\t\t\t\t<div class=\"elementor-widget-container\">\n\t\t\t\t\t<h4 class=\"elementor-heading-title elementor-size-default\"><a href=\"https:\/\/istanbulvitaclinic.com\/\">Istanbul Vita Clinic\n\u0130stanbul'da Sa\u00e7 Ekimi, Estetik Uygulamalar\u0131 ve \u0130leri Derece Cilt Bak\u0131m\u0131<\/a><\/h4>\t\t\t\t<\/div>\n\t\t\t\t<\/div>\n\t\t\t\t\t<\/div>\n\t\t\t\t<\/div>\n\t\t<div class=\"elementor-element elementor-element-6b51ef03 e-flex e-con-boxed e-con e-child\" data-id=\"6b51ef03\" data-element_type=\"container\" data-e-type=\"container\">\n\t\t\t\t\t<div class=\"e-con-inner\">\n\t\t\t\t<div class=\"elementor-element elementor-element-43481b68 elementor-widget elementor-widget-image\" data-id=\"43481b68\" data-element_type=\"widget\" data-e-type=\"widget\" data-widget_type=\"image.default\">\n\t\t\t\t<div class=\"elementor-widget-container\">\n\t\t\t\t\t\t\t\t\t\t\t\t\t\t\t<img loading=\"lazy\" decoding=\"async\" width=\"683\" height=\"1024\" src=\"https:\/\/dentarayglobal.com\/wp-content\/uploads\/2026\/02\/Untitled-design-683x1024.png\" class=\"attachment-large size-large wp-image-599\" alt=\"\" srcset=\"https:\/\/dentarayglobal.com\/wp-content\/uploads\/2026\/02\/Untitled-design-683x1024.png 683w, https:\/\/dentarayglobal.com\/wp-content\/uploads\/2026\/02\/Untitled-design-200x300.png 200w, https:\/\/dentarayglobal.com\/wp-content\/uploads\/2026\/02\/Untitled-design-768x1152.png 768w, https:\/\/dentarayglobal.com\/wp-content\/uploads\/2026\/02\/Untitled-design-1024x1536.png 1024w, https:\/\/dentarayglobal.com\/wp-content\/uploads\/2026\/02\/Untitled-design.png 1365w\" sizes=\"(max-width: 683px) 100vw, 683px\" \/>\t\t\t\t\t\t\t\t\t\t\t\t\t\t\t<\/div>\n\t\t\t\t<\/div>\n\t\t\t\t<div class=\"elementor-element elementor-element-4631e22d elementor-widget elementor-widget-heading\" data-id=\"4631e22d\" data-element_type=\"widget\" data-e-type=\"widget\" data-widget_type=\"heading.default\">\n\t\t\t\t<div class=\"elementor-widget-container\">\n\t\t\t\t\t<h4 class=\"elementor-heading-title elementor-size-default\"><a href=\"https:\/\/daghanisik.com\/\">Assoc. Prof. Dr. Da\u011fhan I\u015f\u0131k<br>Estetik, Plastik ve Rekonstr\u00fcktif Cerrahi Uzman<\/a><\/h4>\t\t\t\t<\/div>\n\t\t\t\t<\/div>\n\t\t\t\t\t<\/div>\n\t\t\t\t<\/div>\n\t\t\t\t\t<\/div>\n\t\t\t\t<\/div>\n\t\t\t\t<div class=\"elementor-element elementor-element-618834d7 elementor-widget elementor-widget-heading\" data-id=\"618834d7\" data-element_type=\"widget\" data-e-type=\"widget\" data-widget_type=\"heading.default\">\n\t\t\t\t<div class=\"elementor-widget-container\">\n\t\t\t\t\t<p class=\"elementor-heading-title elementor-size-default\">Anla\u015fmal\u0131 Klinikler ve Hastaneler<\/p>\t\t\t\t<\/div>\n\t\t\t\t<\/div>\n\t\t\t\t<\/div>\n\t\t\t\t\t<\/div>\n\t\t\t\t<\/div>\n\t\t\t\t<\/div>\n\t\t","protected":false},"excerpt":{"rendered":"<p>T\u00fcrkiye&#8217;de Ki\u015fiselle\u015ftirilmi\u015f Sa\u011fl\u0131k Turizmi Planlamas\u0131 Anla\u015fmal\u0131 Klinikler ve Hastaneler Randevu Al\u0131n Hakk\u0131m\u0131zda Ophthalmologist Prof. Dr. R\u0131fat Rasier Istanbul Vita Clinic \u0130stanbul&#8217;da Sa\u00e7 Ekimi, Estetik Uygulamalar\u0131 ve \u0130leri Derece Cilt Bak\u0131m\u0131 Assoc. Prof. Dr. Da\u011fhan I\u015f\u0131kEstetik, Plastik ve Rekonstr\u00fcktif Cerrahi Uzman Anla\u015fmal\u0131 Klinikler ve Hastaneler<\/p>\n","protected":false},"author":3,"featured_media":0,"parent":0,"menu_order":0,"comment_status":"closed","ping_status":"closed","template":"elementor_header_footer","meta":{"footnotes":""},"class_list":["post-743","page","type-page","status-publish","hentry"],"_links":{"self":[{"href":"https:\/\/dentarayglobal.com\/tr\/wp-json\/wp\/v2\/pages\/743","targetHints":{"allow":["GET"]}}],"collection":[{"href":"https:\/\/dentarayglobal.com\/tr\/wp-json\/wp\/v2\/pages"}],"about":[{"href":"https:\/\/dentarayglobal.com\/tr\/wp-json\/wp\/v2\/types\/page"}],"author":[{"embeddable":true,"href":"https:\/\/dentarayglobal.com\/tr\/wp-json\/wp\/v2\/users\/3"}],"replies":[{"embeddable":true,"href":"https:\/\/dentarayglobal.com\/tr\/wp-json\/wp\/v2\/comments?post=743"}],"version-history":[{"count":1,"href":"https:\/\/dentarayglobal.com\/tr\/wp-json\/wp\/v2\/pages\/743\/revisions"}],"predecessor-version":[{"id":744,"href":"https:\/\/dentarayglobal.com\/tr\/wp-json\/wp\/v2\/pages\/743\/revisions\/744"}],"wp:attachment":[{"href":"https:\/\/dentarayglobal.com\/tr\/wp-json\/wp\/v2\/media?parent=743"}],"curies":[{"name":"wp","href":"https:\/\/api.w.org\/{rel}","templated":true}]}}