{"id":745,"date":"2026-02-06T00:51:11","date_gmt":"2026-02-06T00:51:11","guid":{"rendered":"https:\/\/dentarayglobal.com\/hakkimizda\/"},"modified":"2026-02-06T13:42:06","modified_gmt":"2026-02-06T13:42:06","slug":"hakkimizda","status":"publish","type":"page","link":"https:\/\/dentarayglobal.com\/tr\/hakkimizda\/","title":{"rendered":"Hakk\u0131m\u0131zda"},"content":{"rendered":"\t\t<div data-elementor-type=\"wp-page\" data-elementor-id=\"745\" class=\"elementor elementor-745 elementor-734\" data-elementor-post-type=\"page\">\n\t\t\t\t<div class=\"elementor-element elementor-element-c642dc5 e-flex e-con-boxed e-con e-parent\" data-id=\"c642dc5\" data-element_type=\"container\" data-e-type=\"container\">\n\t\t\t\t\t<div class=\"e-con-inner\">\n\t\t<div class=\"elementor-element elementor-element-7879da5d e-con-full e-flex e-con e-child\" data-id=\"7879da5d\" data-element_type=\"container\" data-e-type=\"container\" data-settings=\"{&quot;background_background&quot;:&quot;classic&quot;}\">\n\t\t\t\t<div class=\"elementor-element elementor-element-137d7e5e elementor-widget elementor-widget-image\" data-id=\"137d7e5e\" data-element_type=\"widget\" data-e-type=\"widget\" data-widget_type=\"image.default\">\n\t\t\t\t<div class=\"elementor-widget-container\">\n\t\t\t\t\t\t\t\t\t\t\t\t\t\t\t<img fetchpriority=\"high\" decoding=\"async\" width=\"411\" height=\"125\" src=\"https:\/\/dentarayglobal.com\/wp-content\/uploads\/2025\/06\/1.png\" class=\"attachment-large size-large wp-image-346\" alt=\"\" srcset=\"https:\/\/dentarayglobal.com\/wp-content\/uploads\/2025\/06\/1.png 411w, https:\/\/dentarayglobal.com\/wp-content\/uploads\/2025\/06\/1-300x91.png 300w\" sizes=\"(max-width: 411px) 100vw, 411px\" \/>\t\t\t\t\t\t\t\t\t\t\t\t\t\t\t<\/div>\n\t\t\t\t<\/div>\n\t\t\t\t<div class=\"elementor-element elementor-element-1a1e91fb elementor-widget__width-initial elementor-widget elementor-widget-text-editor\" data-id=\"1a1e91fb\" data-element_type=\"widget\" data-e-type=\"widget\" data-widget_type=\"text-editor.default\">\n\t\t\t\t<div class=\"elementor-widget-container\">\n\t\t\t\t\t\t\t\t\t<p>Akreditasyonlar &amp; Lisanslar<\/p>\t\t\t\t\t\t\t\t<\/div>\n\t\t\t\t<\/div>\n\t\t\t\t<div class=\"elementor-element elementor-element-3efbd1e3 elementor-widget elementor-widget-text-editor\" data-id=\"3efbd1e3\" data-element_type=\"widget\" data-e-type=\"widget\" data-widget_type=\"text-editor.default\">\n\t\t\t\t<div class=\"elementor-widget-container\">\n\t\t\t\t\t\t\t\t\t<p>Hakk\u0131m\u0131zda<\/p>\t\t\t\t\t\t\t\t<\/div>\n\t\t\t\t<\/div>\n\t\t<div class=\"elementor-element elementor-element-412832d9 e-flex e-con-boxed e-con e-child\" data-id=\"412832d9\" data-element_type=\"container\" data-e-type=\"container\">\n\t\t\t\t\t<div class=\"e-con-inner\">\n\t\t\t\t<div class=\"elementor-element elementor-element-7eae631 e-transform elementor-hidden-mobile elementor-widget elementor-widget-premium-svg-drawer\" data-id=\"7eae631\" data-element_type=\"widget\" data-e-type=\"widget\" data-settings=\"{&quot;_transform_flipX_effect&quot;:&quot;transform&quot;}\" data-widget_type=\"premium-svg-drawer.default\">\n\t\t\t\t<div class=\"elementor-widget-container\">\n\t\t\t\t\t\r\n\t\t\t<div class=\"premium-svg-draw elementor-invisible\">\r\n\r\n\t\t\t\t\r\n\t\t\t\t\r\n\t\t\t\t\t<?xml version=\"1.0\" encoding=\"UTF-8\"?><svg id=\"Layer_1\" xmlns=\"http:\/\/www.w3.org\/2000\/svg\" width=\"354.27\" height=\"76.6\" viewBox=\"0 0 354.27 76.6\"><defs><style>.cls-1{fill-rule:evenodd;}<\/style><\/defs><path class=\"cls-1\" d=\"m9.75,33.96C9.25,14.61,29.7-.33,53.56,3.63c6.08,1.34,10.75,5.25,12.76,9.77,1.78,4,1.5,8.53-1.86,12.4.51-1.16.79-2.45.79-3.8,0-5.25-4.25-9.5-9.5-9.5s-9.5,4.25-9.5,9.5c0,.58.05,1.15.15,1.7.19,3.75,2.38,6.66,5.48,8.11,3.96,1.85,9.23,1.25,13.39-2.55,5.5-5.04,6.26-11.52,3.79-17.07-2.43-5.47-7.95-9.97-14.89-11.49h-.04s-.04-.01-.04-.01c-9.38-1.57-18.46-.35-26.11,2.94C11.75,9.55,3.7,19.53,1.04,29.42c-3.15,11.76,1.31,23.74,7.02,31v.02s.03.02.03.02c12.16,14.59,54.73,31.25,130.64-9.13,5.43-1.98,10.93-4.03,16.48-6.1h0s0,0,0,0c6.89-2.57,13.86-5.17,20.9-7.71,35.28-12.74,72.4-24.06,109.59-23.02,9.83.28,26.29,2.1,40.24,6.97,6.98,2.44,13.22,5.6,17.7,9.63,4.43,3.99,7.09,8.77,7.1,14.56-.04.47-.09.95-.16,1.42-.1.54-.2,1.08-.31,1.62h.02c-.82,3.73-2.6,7.15-5.23,9.72-3.32,3.24-8.07,5.2-14.24,4.61-.66-.06-1.33-.15-2.02-.27-2.43-.54-4.55-1.92-6.09-3.7,1.46.91,3.18,1.44,5.03,1.44,5.25,0,9.5-4.25,9.5-9.5s-4.25-9.5-9.5-9.5c-2.56,0-4.88,1.01-6.59,2.65-4.17,3.33-4.86,8.21-3.33,12.43,1.55,4.29,5.42,8.04,10.38,9.12.78.17,1.57.28,2.38.32,7,.66,12.62-1.58,16.58-5.46,3.53-3.45,5.68-8.11,6.39-13.01,1.23-6.94,1.28-14.64-3.02-21.74-4.67-7.7-14.23-14.35-31.92-18.77-9.33-2.33-79.72-14.06-177.58,39.64-1.18.64-2.34,1.28-3.5,1.89-21.33,7.78-41.45,14.43-59.99,17.13-13.44,1.96-26.41,1.37-39.58-1.95-7.65-1.93-14.6-5.2-19.68-10.07-5.04-4.83-8.29-11.28-8.51-19.74Z\"\/><\/svg>\r\n\t\t\t\t\r\n\t\t\t\t\r\n\t\t\t<\/div>\r\n\r\n\t\t\t\t\t\t<\/div>\n\t\t\t\t<\/div>\n\t\t\t\t<div class=\"elementor-element elementor-element-7423bc2 premium-modal-dismissible-yes elementor-widget elementor-widget-premium-addon-modal-box\" data-id=\"7423bc2\" data-element_type=\"widget\" data-e-type=\"widget\" data-settings=\"{&quot;premium_modal_box_animation&quot;:&quot;fadeInDown&quot;}\" data-widget_type=\"premium-addon-modal-box.default\">\n\t\t\t\t<div class=\"elementor-widget-container\">\n\t\t\t\t\t\n\t\t<div class=\"premium-modal-box-container\" data-settings=\"{&quot;trigger&quot;:&quot;button&quot;,&quot;show_on_exit&quot;:false}\">\n\t\t\t<div class=\"premium-modal-trigger-container\">\n\t\t\t\t\t\t\t\t\t<button data-toggle=\"premium-modal\" data-target=\"#premium-modal-7423bc2\" type=\"button\" class=\"premium-modal-trigger-btn premium-btn-lg premium-button-none \" data-text=\"Randevu Al\u0131n  \">\n\n\t\t\t\t\t\t\n\t\t\t\t\t\t<div class=\"premium-button-text-icon-wrapper\">\n\t\t\t\t\t\t\t<span>Randevu Al\u0131n  <\/span>\n\t\t\t\t\t\t<\/div>\n\n\t\t\t\t\t\t\n\t\t\t\t\t\t\n\t\t\t\t\t\t\n\t\t\t\t\t<\/button>\n\t\t\t\t\t\t\t<\/div>\n\n\t\t\t<div id=\"premium-modal-7423bc2\" class=\"premium-modal-box-modal\"\n\t\t\trole=\"dialog\"\n\t\t\tstyle=\"display: none\"\n\t\t\t>\n\t\t\t\t<div class=\"premium-modal-box-modal-dialog\" data-delay-animation=\"\" data-modal-animation=\"fadeInDown animated-fast\">\n\t\t\t\t\t\t\t\t\t\t<div class=\"premium-modal-box-modal-body\">\n\t\t\t\t\t\t\n\t\t\t\t\t\t\t\n\t\t\t\t\t\t\t\t\t\t\t<\/div>\n\t\t\t\t\t\t\t\t\t<\/div>\n\t\t\t<\/div>\n\t\t<\/div>\n\t\t\t\t\t\t<\/div>\n\t\t\t\t<\/div>\n\t\t\t\t<div class=\"elementor-element elementor-element-1a197898 premium-lottie-svg elementor-widget elementor-widget-premium-lottie\" data-id=\"1a197898\" data-element_type=\"widget\" data-e-type=\"widget\" data-widget_type=\"premium-lottie.default\">\n\t\t\t\t<div class=\"elementor-widget-container\">\n\t\t\t\t\t\r\n\t\t<div class=\"premium-lottie-animation\" data-lottie-url=\"https:\/\/premiumaddons.com\/wp-content\/uploads\/2023\/08\/EZNBWdfSxT.json\" data-lottie-loop=\"true\" data-lottie-reverse=\"\" data-lottie-hover=\"\" data-lottie-speed=\"1\" data-lottie-render=\"svg\" data-lottie-delay=\"\">\r\n\t\t\t\t\t<\/div>\r\n\r\n\t\t\t\t\t\t<\/div>\n\t\t\t\t<\/div>\n\t\t\t\t<div class=\"elementor-element elementor-element-4322dff3 premium-lq__none elementor-widget elementor-widget-premium-addon-button\" data-id=\"4322dff3\" data-element_type=\"widget\" data-e-type=\"widget\" data-widget_type=\"premium-addon-button.default\">\n\t\t\t\t<div class=\"elementor-widget-container\">\n\t\t\t\t\t\r\n\r\n\t\t<a class=\"premium-button premium-button-none premium-btn-lg premium-button-none\" href=\"https:\/\/dentarayglobal.com\/contracted-clinics\/\">\r\n\t\t\t<div class=\"premium-button-text-icon-wrapper\">\r\n\t\t\t\t\r\n\t\t\t\t\t\t\t\t\t<span >\r\n\t\t\t\t\t\tAnla\u015fmal\u0131 Ortaklar\t\t\t\t\t<\/span>\r\n\t\t\t\t\t\t\t<\/div>\r\n\r\n\t\t\t\r\n\t\t\t\r\n\t\t\t\r\n\t\t<\/a>\r\n\r\n\r\n\t\t\t\t\t\t<\/div>\n\t\t\t\t<\/div>\n\t\t\t\t<div class=\"elementor-element elementor-element-16e58bd0 elementor-hidden-mobile elementor-widget elementor-widget-premium-svg-drawer\" data-id=\"16e58bd0\" data-element_type=\"widget\" data-e-type=\"widget\" data-widget_type=\"premium-svg-drawer.default\">\n\t\t\t\t<div class=\"elementor-widget-container\">\n\t\t\t\t\t\r\n\t\t\t<div class=\"premium-svg-draw elementor-invisible\">\r\n\r\n\t\t\t\t\r\n\t\t\t\t\r\n\t\t\t\t\t<?xml version=\"1.0\" encoding=\"UTF-8\"?><svg id=\"Layer_1\" xmlns=\"http:\/\/www.w3.org\/2000\/svg\" width=\"354.27\" height=\"76.6\" viewBox=\"0 0 354.27 76.6\"><defs><style>.cls-1{fill-rule:evenodd;}<\/style><\/defs><path class=\"cls-1\" d=\"m9.75,33.96C9.25,14.61,29.7-.33,53.56,3.63c6.08,1.34,10.75,5.25,12.76,9.77,1.78,4,1.5,8.53-1.86,12.4.51-1.16.79-2.45.79-3.8,0-5.25-4.25-9.5-9.5-9.5s-9.5,4.25-9.5,9.5c0,.58.05,1.15.15,1.7.19,3.75,2.38,6.66,5.48,8.11,3.96,1.85,9.23,1.25,13.39-2.55,5.5-5.04,6.26-11.52,3.79-17.07-2.43-5.47-7.95-9.97-14.89-11.49h-.04s-.04-.01-.04-.01c-9.38-1.57-18.46-.35-26.11,2.94C11.75,9.55,3.7,19.53,1.04,29.42c-3.15,11.76,1.31,23.74,7.02,31v.02s.03.02.03.02c12.16,14.59,54.73,31.25,130.64-9.13,5.43-1.98,10.93-4.03,16.48-6.1h0s0,0,0,0c6.89-2.57,13.86-5.17,20.9-7.71,35.28-12.74,72.4-24.06,109.59-23.02,9.83.28,26.29,2.1,40.24,6.97,6.98,2.44,13.22,5.6,17.7,9.63,4.43,3.99,7.09,8.77,7.1,14.56-.04.47-.09.95-.16,1.42-.1.54-.2,1.08-.31,1.62h.02c-.82,3.73-2.6,7.15-5.23,9.72-3.32,3.24-8.07,5.2-14.24,4.61-.66-.06-1.33-.15-2.02-.27-2.43-.54-4.55-1.92-6.09-3.7,1.46.91,3.18,1.44,5.03,1.44,5.25,0,9.5-4.25,9.5-9.5s-4.25-9.5-9.5-9.5c-2.56,0-4.88,1.01-6.59,2.65-4.17,3.33-4.86,8.21-3.33,12.43,1.55,4.29,5.42,8.04,10.38,9.12.78.17,1.57.28,2.38.32,7,.66,12.62-1.58,16.58-5.46,3.53-3.45,5.68-8.11,6.39-13.01,1.23-6.94,1.28-14.64-3.02-21.74-4.67-7.7-14.23-14.35-31.92-18.77-9.33-2.33-79.72-14.06-177.58,39.64-1.18.64-2.34,1.28-3.5,1.89-21.33,7.78-41.45,14.43-59.99,17.13-13.44,1.96-26.41,1.37-39.58-1.95-7.65-1.93-14.6-5.2-19.68-10.07-5.04-4.83-8.29-11.28-8.51-19.74Z\"\/><\/svg>\r\n\t\t\t\t\r\n\t\t\t\t\r\n\t\t\t<\/div>\r\n\r\n\t\t\t\t\t\t<\/div>\n\t\t\t\t<\/div>\n\t\t\t\t\t<\/div>\n\t\t\t\t<\/div>\n\t\t<div class=\"elementor-element elementor-element-606c6e20 e-flex e-con-boxed e-con e-child\" data-id=\"606c6e20\" data-element_type=\"container\" data-e-type=\"container\">\n\t\t\t\t\t<div class=\"e-con-inner\">\n\t\t<div class=\"elementor-element elementor-element-418e209e e-flex e-con-boxed e-con e-child\" data-id=\"418e209e\" data-element_type=\"container\" data-e-type=\"container\">\n\t\t\t\t\t<div class=\"e-con-inner\">\n\t\t\t\t<div class=\"elementor-element elementor-element-550795a7 elementor-widget elementor-widget-image\" data-id=\"550795a7\" data-element_type=\"widget\" data-e-type=\"widget\" data-widget_type=\"image.default\">\n\t\t\t\t<div class=\"elementor-widget-container\">\n\t\t\t\t\t\t\t\t\t\t\t\t\t\t\t<img decoding=\"async\" width=\"746\" height=\"1024\" src=\"https:\/\/dentarayglobal.com\/wp-content\/uploads\/2026\/02\/TURSAB_pages-to-jpg-0001-746x1024.jpg\" class=\"attachment-large size-large wp-image-654\" alt=\"\" srcset=\"https:\/\/dentarayglobal.com\/wp-content\/uploads\/2026\/02\/TURSAB_pages-to-jpg-0001-746x1024.jpg 746w, https:\/\/dentarayglobal.com\/wp-content\/uploads\/2026\/02\/TURSAB_pages-to-jpg-0001-218x300.jpg 218w, https:\/\/dentarayglobal.com\/wp-content\/uploads\/2026\/02\/TURSAB_pages-to-jpg-0001-768x1054.jpg 768w, https:\/\/dentarayglobal.com\/wp-content\/uploads\/2026\/02\/TURSAB_pages-to-jpg-0001-1119x1536.jpg 1119w, https:\/\/dentarayglobal.com\/wp-content\/uploads\/2026\/02\/TURSAB_pages-to-jpg-0001-1492x2048.jpg 1492w, https:\/\/dentarayglobal.com\/wp-content\/uploads\/2026\/02\/TURSAB_pages-to-jpg-0001-scaled.jpg 1864w\" sizes=\"(max-width: 746px) 100vw, 746px\" \/>\t\t\t\t\t\t\t\t\t\t\t\t\t\t\t<\/div>\n\t\t\t\t<\/div>\n\t\t\t\t<div class=\"elementor-element elementor-element-6eef1f77 elementor-widget elementor-widget-heading\" data-id=\"6eef1f77\" data-element_type=\"widget\" data-e-type=\"widget\" data-widget_type=\"heading.default\">\n\t\t\t\t<div class=\"elementor-widget-container\">\n\t\t\t\t\t<h4 class=\"elementor-heading-title elementor-size-default\"><a href=\"https:\/\/www.rifatrasier.com\/\">A GRUBU SEYAHAT ACENTASI I$LETME BELGESI<\/a><\/h4>\t\t\t\t<\/div>\n\t\t\t\t<\/div>\n\t\t\t\t\t<\/div>\n\t\t\t\t<\/div>\n\t\t<div class=\"elementor-element elementor-element-6b51ef03 e-flex e-con-boxed e-con e-child\" data-id=\"6b51ef03\" data-element_type=\"container\" data-e-type=\"container\">\n\t\t\t\t\t<div class=\"e-con-inner\">\n\t\t\t\t<div class=\"elementor-element elementor-element-43481b68 elementor-widget elementor-widget-image\" data-id=\"43481b68\" data-element_type=\"widget\" data-e-type=\"widget\" data-widget_type=\"image.default\">\n\t\t\t\t<div class=\"elementor-widget-container\">\n\t\t\t\t\t\t\t\t\t\t\t\t\t\t\t<img decoding=\"async\" width=\"800\" height=\"566\" src=\"https:\/\/dentarayglobal.com\/wp-content\/uploads\/2026\/02\/WhatsApp-Image-2026-01-08-at-5.44.33-PM-1-1024x725.jpeg\" class=\"attachment-large size-large wp-image-650\" alt=\"\" srcset=\"https:\/\/dentarayglobal.com\/wp-content\/uploads\/2026\/02\/WhatsApp-Image-2026-01-08-at-5.44.33-PM-1-1024x725.jpeg 1024w, https:\/\/dentarayglobal.com\/wp-content\/uploads\/2026\/02\/WhatsApp-Image-2026-01-08-at-5.44.33-PM-1-300x212.jpeg 300w, https:\/\/dentarayglobal.com\/wp-content\/uploads\/2026\/02\/WhatsApp-Image-2026-01-08-at-5.44.33-PM-1-768x543.jpeg 768w, https:\/\/dentarayglobal.com\/wp-content\/uploads\/2026\/02\/WhatsApp-Image-2026-01-08-at-5.44.33-PM-1-1536x1087.jpeg 1536w, https:\/\/dentarayglobal.com\/wp-content\/uploads\/2026\/02\/WhatsApp-Image-2026-01-08-at-5.44.33-PM-1.jpeg 2048w\" sizes=\"(max-width: 800px) 100vw, 800px\" \/>\t\t\t\t\t\t\t\t\t\t\t\t\t\t\t<\/div>\n\t\t\t\t<\/div>\n\t\t\t\t<div class=\"elementor-element elementor-element-4631e22d elementor-widget elementor-widget-heading\" data-id=\"4631e22d\" data-element_type=\"widget\" data-e-type=\"widget\" data-widget_type=\"heading.default\">\n\t\t\t\t<div class=\"elementor-widget-container\">\n\t\t\t\t\t<h4 class=\"elementor-heading-title elementor-size-default\">A GRUBU SEYAHAT ACENTASI I\u0307\u015eLETME BELGESI\u0307<\/h4>\t\t\t\t<\/div>\n\t\t\t\t<\/div>\n\t\t\t\t\t<\/div>\n\t\t\t\t<\/div>\n\t\t\t\t\t<\/div>\n\t\t\t\t<\/div>\n\t\t\t\t<\/div>\n\t\t\t\t\t<\/div>\n\t\t\t\t<\/div>\n\t\t\t\t<\/div>\n\t\t","protected":false},"excerpt":{"rendered":"<p>Akreditasyonlar &amp; Lisanslar Hakk\u0131m\u0131zda Randevu Al\u0131n Anla\u015fmal\u0131 Ortaklar A GRUBU SEYAHAT ACENTASI I$LETME BELGESI A GRUBU SEYAHAT ACENTASI I\u0307\u015eLETME BELGESI\u0307<\/p>\n","protected":false},"author":3,"featured_media":0,"parent":0,"menu_order":0,"comment_status":"closed","ping_status":"closed","template":"elementor_header_footer","meta":{"footnotes":""},"class_list":["post-745","page","type-page","status-publish","hentry"],"_links":{"self":[{"href":"https:\/\/dentarayglobal.com\/tr\/wp-json\/wp\/v2\/pages\/745","targetHints":{"allow":["GET"]}}],"collection":[{"href":"https:\/\/dentarayglobal.com\/tr\/wp-json\/wp\/v2\/pages"}],"about":[{"href":"https:\/\/dentarayglobal.com\/tr\/wp-json\/wp\/v2\/types\/page"}],"author":[{"embeddable":true,"href":"https:\/\/dentarayglobal.com\/tr\/wp-json\/wp\/v2\/users\/3"}],"replies":[{"embeddable":true,"href":"https:\/\/dentarayglobal.com\/tr\/wp-json\/wp\/v2\/comments?post=745"}],"version-history":[{"count":1,"href":"https:\/\/dentarayglobal.com\/tr\/wp-json\/wp\/v2\/pages\/745\/revisions"}],"predecessor-version":[{"id":746,"href":"https:\/\/dentarayglobal.com\/tr\/wp-json\/wp\/v2\/pages\/745\/revisions\/746"}],"wp:attachment":[{"href":"https:\/\/dentarayglobal.com\/tr\/wp-json\/wp\/v2\/media?parent=745"}],"curies":[{"name":"wp","href":"https:\/\/api.w.org\/{rel}","templated":true}]}}